{"id":4993,"date":"2024-07-19T13:01:30","date_gmt":"2024-07-19T11:01:30","guid":{"rendered":"https:\/\/dzp.uksw.edu.pl\/?page_id=4993"},"modified":"2026-03-20T08:26:32","modified_gmt":"2026-03-20T07:26:32","slug":"zamowienia","status":"publish","type":"page","link":"https:\/\/dzp.uksw.edu.pl\/zamowienia\/","title":{"rendered":"Plan zam\u00f3wie\u0144"},"content":{"rendered":"\n<p>Plan zam\u00f3wie\u0144 publicznych 2026<\/p>\n\n\n\n<div class=\"wp-block-file\"><a id=\"wp-block-file--media-8dcfb762-1a6e-479b-a918-8a08d329956e\" href=\"https:\/\/dzp.uksw.edu.pl\/wp-content\/uploads\/sites\/25\/2026\/01\/Plan-zamowien-publicznych-2026.pdf\">Plan zam\u00f3wie\u0144 publicznych 2026<\/a><a href=\"https:\/\/dzp.uksw.edu.pl\/wp-content\/uploads\/sites\/25\/2026\/01\/Plan-zamowien-publicznych-2026.pdf\" class=\"wp-block-file__button wp-element-button\" download aria-describedby=\"wp-block-file--media-8dcfb762-1a6e-479b-a918-8a08d329956e\">Pobierz<\/a><\/div>\n\n\n\n<div class=\"wp-block-file\"><a id=\"wp-block-file--media-433ebe71-42bd-4117-ad3d-0942e3a87807\" href=\"https:\/\/dzp.uksw.edu.pl\/wp-content\/uploads\/sites\/25\/2026\/03\/Plan-zamowien-2026_korekta_20.03.2026-r.pdf\">Plan zam\u00f3wie\u0144 2026_korekta_20.03.2026 r.<\/a><a href=\"https:\/\/dzp.uksw.edu.pl\/wp-content\/uploads\/sites\/25\/2026\/03\/Plan-zamowien-2026_korekta_20.03.2026-r.pdf\" class=\"wp-block-file__button wp-element-button\" download aria-describedby=\"wp-block-file--media-433ebe71-42bd-4117-ad3d-0942e3a87807\">Pobierz<\/a><\/div>\n\n\n\n<p><\/p>\n\n\n\n<p>Plan zam\u00f3wie\u0144 publicznych 2025 (aktualny na dzie\u0144 31.12.2025 r.)<\/p>\n\n\n\n<div class=\"wp-block-file\"><a id=\"wp-block-file--media-b1b949ef-0d59-4eba-9748-a5a216a199ec\" href=\"https:\/\/dzp.uksw.edu.pl\/wp-content\/uploads\/sites\/25\/2026\/01\/Plan-zamowien-publicznych-2025.pdf\" target=\"_blank\" rel=\"noreferrer noopener\">Plan zam\u00f3wie\u0144 publicznych 2025<\/a><a href=\"https:\/\/dzp.uksw.edu.pl\/wp-content\/uploads\/sites\/25\/2026\/01\/Plan-zamowien-publicznych-2025.pdf\" class=\"wp-block-file__button wp-element-button\" download aria-describedby=\"wp-block-file--media-b1b949ef-0d59-4eba-9748-a5a216a199ec\">Pobierz<\/a><\/div>\n\n\n\n<p><\/p>\n\n\n\n<p>Plan zam\u00f3wie\u0144 publicznych 2024 (aktualny na dzie\u0144 31.12.2024 r.)<\/p>\n\n\n\n<div class=\"wp-block-file\"><a id=\"wp-block-file--media-f7aaa1c8-4071-46c5-af81-1be72eda281e\" href=\"https:\/\/dzp.uksw.edu.pl\/wp-content\/uploads\/sites\/25\/2025\/01\/Plan-zamowien-publicznych-2024.xlsx\">Plan zam\u00f3wie\u0144 publicznych 2024<\/a><a href=\"https:\/\/dzp.uksw.edu.pl\/wp-content\/uploads\/sites\/25\/2025\/01\/Plan-zamowien-publicznych-2024.xlsx\" class=\"wp-block-file__button wp-element-button\" download aria-describedby=\"wp-block-file--media-f7aaa1c8-4071-46c5-af81-1be72eda281e\">Pobierz<\/a><\/div>\n\n\n\n<p><\/p>\n","protected":false},"excerpt":{"rendered":"<p>Plan zam\u00f3wie\u0144 publicznych 2026 Plan zam\u00f3wie\u0144 publicznych 2025 (aktualny na dzie\u0144 31.12.2025 r.) Plan zam\u00f3wie\u0144 publicznych 2024 (aktualny na dzie\u0144 31.12.2024 r.)<\/p>\n","protected":false},"author":3,"featured_media":0,"parent":0,"menu_order":0,"comment_status":"closed","ping_status":"closed","template":"page-templates\/template-sub-page.php","meta":{"_acf_changed":false,"inline_featured_image":false,"footnotes":"","_links_to":"","_links_to_target":""},"class_list":["post-4993","page","type-page","status-publish","hentry"],"acf":[],"_links":{"self":[{"href":"https:\/\/dzp.uksw.edu.pl\/pl\/wp-json\/wp\/v2\/pages\/4993","targetHints":{"allow":["GET"]}}],"collection":[{"href":"https:\/\/dzp.uksw.edu.pl\/pl\/wp-json\/wp\/v2\/pages"}],"about":[{"href":"https:\/\/dzp.uksw.edu.pl\/pl\/wp-json\/wp\/v2\/types\/page"}],"author":[{"embeddable":true,"href":"https:\/\/dzp.uksw.edu.pl\/pl\/wp-json\/wp\/v2\/users\/3"}],"replies":[{"embeddable":true,"href":"https:\/\/dzp.uksw.edu.pl\/pl\/wp-json\/wp\/v2\/comments?post=4993"}],"version-history":[{"count":31,"href":"https:\/\/dzp.uksw.edu.pl\/pl\/wp-json\/wp\/v2\/pages\/4993\/revisions"}],"predecessor-version":[{"id":5228,"href":"https:\/\/dzp.uksw.edu.pl\/pl\/wp-json\/wp\/v2\/pages\/4993\/revisions\/5228"}],"wp:attachment":[{"href":"https:\/\/dzp.uksw.edu.pl\/pl\/wp-json\/wp\/v2\/media?parent=4993"}],"curies":[{"name":"wp","href":"https:\/\/api.w.org\/{rel}","templated":true}]}}