{"id":4519,"date":"2023-03-29T09:19:00","date_gmt":"2023-03-29T07:19:00","guid":{"rendered":"https:\/\/jednostki.uksw.edu.pl\/dzp\/?page_id=4519"},"modified":"2026-01-19T10:26:14","modified_gmt":"2026-01-19T09:26:14","slug":"regulamin","status":"publish","type":"page","link":"https:\/\/dzp.uksw.edu.pl\/informacje-dla-pracownikow\/regulamin\/","title":{"rendered":"Regulamin"},"content":{"rendered":"\n<h2 class=\"wp-block-heading\">Dokumenty do pobrania<\/h2>\n\n\n\n<p><\/p>\n\n\n\r\n<div class=\"\">\r\n\r\n\r\n<div class=\"row\">\r\n\r\n  \r\n<div class=\"col-xl-12 col-lg-12 col-md-12 col-sm-12 \">\r\n\t\t<div class=\"download_detils\">\r\n\t\t\t<a href=\"https:\/\/dzp.uksw.edu.pl\/wp-content\/uploads\/sites\/25\/2026\/01\/1768389027_1-2025-z.pdf\"  target=\"_blank\" >\r\n\t\t\t<img decoding=\"async\" src=\"https:\/\/dzp.uksw.edu.pl\/wp-content\/themes\/uksw\/images\/import.svg\" alt=\"\"> Zarz\u0105dzenie Nr 1\/2025 Rektora Uniwersytetu Kardyna\u0142a Stefana Wyszy\u0144skiego w\nWarszawie z dnia 8 stycznia 2026 r. w sprawie wprowadzenia Regulaminu udzielania\nzam\u00f3wie\u0144 publicznych w Uniwersytecie Kardyna\u0142a Stefana Wyszy\u0144skiego w\nWarszawie [PDF,  0.12 MB]<\/a>\r\n\t\t<\/div>\r\n<\/div>\r\n\r\n\r\n\t\t\r\n<div class=\"col-xl-12 col-lg-12 col-md-12 col-sm-12 \">\r\n\t\t<div class=\"download_detils\">\r\n\t\t\t<a href=\"https:\/\/dzp.uksw.edu.pl\/wp-content\/uploads\/sites\/25\/2026\/01\/1768389040_zal-do-zarz-1-2025-regulamin-udzielania-zamowien.pdf\"  target=\"_blank\" >\r\n\t\t\t<img decoding=\"async\" src=\"https:\/\/dzp.uksw.edu.pl\/wp-content\/themes\/uksw\/images\/import.svg\" alt=\"\"> Regulamin udzielania zam\u00f3wie\u0144 publicznych w Uniwersytecie Kardyna\u0142a Stefana\nWyszy\u0144skiego w Warszawie [PDF,  0.35 MB]<\/a>\r\n\t\t<\/div>\r\n<\/div>\r\n\r\n\r\n\t\t\r\n<div class=\"col-xl-12 col-lg-12 col-md-12 col-sm-12 \">\r\n\t\t<div class=\"download_detils\">\r\n\t\t\t<a href=\"https:\/\/dzp.uksw.edu.pl\/wp-content\/uploads\/sites\/25\/2026\/01\/1768389048_zal-1-regulamin-komisji.pdf\"  target=\"_blank\" >\r\n\t\t\t<img decoding=\"async\" src=\"https:\/\/dzp.uksw.edu.pl\/wp-content\/themes\/uksw\/images\/import.svg\" alt=\"\"> Regulamin pracy komisji przetargowej [PDF,  0.22 MB]<\/a>\r\n\t\t<\/div>\r\n<\/div>\r\n\r\n\r\n\t\t\r\n<div class=\"col-xl-12 col-lg-12 col-md-12 col-sm-12 \">\r\n\t\t<div class=\"download_detils\">\r\n\t\t\t<a href=\"https:\/\/dzp.uksw.edu.pl\/wp-content\/uploads\/sites\/25\/2026\/01\/zal_2_wniosek-4.docx\"  target=\"_blank\" >\r\n\t\t\t<img decoding=\"async\" src=\"https:\/\/dzp.uksw.edu.pl\/wp-content\/themes\/uksw\/images\/import.svg\" alt=\"\"> Wniosek o udzielenie zam\u00f3wienia publicznego  [DOCX,  0.04 MB]<\/a>\r\n\t\t<\/div>\r\n<\/div>\r\n\r\n\r\n\t\t\r\n<div class=\"col-xl-12 col-lg-12 col-md-12 col-sm-12 \">\r\n\t\t<div class=\"download_detils\">\r\n\t\t\t<a href=\"https:\/\/dzp.uksw.edu.pl\/wp-content\/uploads\/sites\/25\/2026\/01\/zal_3_wniosek_dofinansowanie-2.docx\"  target=\"_blank\" >\r\n\t\t\t<img decoding=\"async\" src=\"https:\/\/dzp.uksw.edu.pl\/wp-content\/themes\/uksw\/images\/import.svg\" alt=\"\"> Dofinansowanie do wniosku o udzielenie zam\u00f3wienia publicznego [DOCX,  0.03 MB]<\/a>\r\n\t\t<\/div>\r\n<\/div>\r\n\r\n\r\n\t\t\r\n<div class=\"col-xl-12 col-lg-12 col-md-12 col-sm-12 \">\r\n\t\t<div class=\"download_detils\">\r\n\t\t\t<a href=\"https:\/\/dzp.uksw.edu.pl\/wp-content\/uploads\/sites\/25\/2026\/01\/zal_4_Raport-z-realizacji-zamowienia.docx\"  target=\"_blank\" >\r\n\t\t\t<img decoding=\"async\" src=\"https:\/\/dzp.uksw.edu.pl\/wp-content\/themes\/uksw\/images\/import.svg\" alt=\"\"> Raport z faktycznej realizacji zam\u00f3wienia [DOCX,  0.03 MB]<\/a>\r\n\t\t<\/div>\r\n<\/div>\r\n\r\n\r\n\t\t\r\n<div class=\"col-xl-12 col-lg-12 col-md-12 col-sm-12 \">\r\n\t\t<div class=\"download_detils\">\r\n\t\t\t<a href=\"https:\/\/dzp.uksw.edu.pl\/wp-content\/uploads\/sites\/25\/2026\/01\/zal_5_oswiadczenie_badawcze.docx\"  target=\"_blank\" >\r\n\t\t\t<img decoding=\"async\" src=\"https:\/\/dzp.uksw.edu.pl\/wp-content\/themes\/uksw\/images\/import.svg\" alt=\"\"> O\u015bwiadczenie (cele naukowe, badawcze, rozwojowe, materia\u0142y biblioteczne) [DOCX,  0.02 MB]<\/a>\r\n\t\t<\/div>\r\n<\/div>\r\n\r\n\r\n\t\t\r\n<div class=\"col-xl-12 col-lg-12 col-md-12 col-sm-12 \">\r\n\t\t<div class=\"download_detils\">\r\n\t\t\t<a href=\"https:\/\/dzp.uksw.edu.pl\/wp-content\/uploads\/sites\/25\/2026\/01\/zal_6_notatka.docx\"  title=\"Notatka z przeprowadzonego rozeznania rynku w celu oszacowania warto\u015bci zam\u00f3wienia \" download >\r\n\t\t\t<img decoding=\"async\" src=\"https:\/\/dzp.uksw.edu.pl\/wp-content\/themes\/uksw\/images\/import.svg\" alt=\"\"> Notatka z przeprowadzonego rozeznania rynku w celu oszacowania warto\u015bci\nzam\u00f3wienia  [DOCX,  0.03 MB]<\/a>\r\n\t\t<\/div>\r\n<\/div>\r\n\r\n\r\n\t\t\r\n<div class=\"col-xl-12 col-lg-12 col-md-12 col-sm-12 \">\r\n\t\t<div class=\"download_detils\">\r\n\t\t\t<a href=\"https:\/\/dzp.uksw.edu.pl\/wp-content\/uploads\/sites\/25\/2026\/01\/zal_7_Informacja-o-wykonaniu-umowy.docx\"  target=\"_blank\" >\r\n\t\t\t<img decoding=\"async\" src=\"https:\/\/dzp.uksw.edu.pl\/wp-content\/themes\/uksw\/images\/import.svg\" alt=\"\"> Informacja o wykonaniu umowy [DOCX,  0.03 MB]<\/a>\r\n\t\t<\/div>\r\n<\/div>\r\n\r\n\r\n\t\t\r\n\t\t \r\n\r\n<\/div>\r\n<\/div>\r\n<div class=\"space20\"><\/div>\r\n\r\n\n\n\n<h2 class=\"wp-block-heading\">Regulamin udzielania zam\u00f3wie\u0144 publicznych<\/h2>\n\n\n\n<p>obowi\u0105zuj\u0105cy od 28 marca 2023 r. do 31 grudnia 2025 r.<\/p>\n\n\n\r\n<div class=\"\">\r\n\r\n\r\n<div class=\"row\">\r\n\r\n  \r\n<div class=\"col-xl-12 col-lg-12 col-md-12 col-sm-12 \">\r\n\t\t<div class=\"download_detils\">\r\n\t\t\t<a href=\"https:\/\/dzp.uksw.edu.pl\/wp-content\/uploads\/sites\/25\/2026\/01\/Regulamin-udzielania-zamowien-publicznych-z-zalacznikami-1.pdf\"  target=\"_blank\" >\r\n\t\t\t<img decoding=\"async\" src=\"https:\/\/dzp.uksw.edu.pl\/wp-content\/themes\/uksw\/images\/import.svg\" alt=\"\"> Regulamin udzielania zam\u00f3wie\u0144 publicznych w UKSW z za\u0142\u0105cznikami [PDF,  0.40 MB]<\/a>\r\n\t\t<\/div>\r\n<\/div>\r\n\r\n\r\n\t\t\r\n\t\t \r\n\r\n<\/div>\r\n<\/div>\r\n<div class=\"space20\"><\/div>\r\n\r\n","protected":false},"excerpt":{"rendered":"<p>Dokumenty do pobrania Regulamin udzielania zam\u00f3wie\u0144 publicznych obowi\u0105zuj\u0105cy od 28 marca 2023 r. do 31 grudnia 2025 r.<\/p>\n","protected":false},"author":20,"featured_media":0,"parent":3361,"menu_order":0,"comment_status":"closed","ping_status":"closed","template":"page-templates\/template-sub-page.php","meta":{"_acf_changed":false,"inline_featured_image":false,"footnotes":"","_links_to":"","_links_to_target":""},"class_list":["post-4519","page","type-page","status-publish","hentry"],"acf":[],"_links":{"self":[{"href":"https:\/\/dzp.uksw.edu.pl\/pl\/wp-json\/wp\/v2\/pages\/4519","targetHints":{"allow":["GET"]}}],"collection":[{"href":"https:\/\/dzp.uksw.edu.pl\/pl\/wp-json\/wp\/v2\/pages"}],"about":[{"href":"https:\/\/dzp.uksw.edu.pl\/pl\/wp-json\/wp\/v2\/types\/page"}],"author":[{"embeddable":true,"href":"https:\/\/dzp.uksw.edu.pl\/pl\/wp-json\/wp\/v2\/users\/20"}],"replies":[{"embeddable":true,"href":"https:\/\/dzp.uksw.edu.pl\/pl\/wp-json\/wp\/v2\/comments?post=4519"}],"version-history":[{"count":33,"href":"https:\/\/dzp.uksw.edu.pl\/pl\/wp-json\/wp\/v2\/pages\/4519\/revisions"}],"predecessor-version":[{"id":5189,"href":"https:\/\/dzp.uksw.edu.pl\/pl\/wp-json\/wp\/v2\/pages\/4519\/revisions\/5189"}],"up":[{"embeddable":true,"href":"https:\/\/dzp.uksw.edu.pl\/pl\/wp-json\/wp\/v2\/pages\/3361"}],"wp:attachment":[{"href":"https:\/\/dzp.uksw.edu.pl\/pl\/wp-json\/wp\/v2\/media?parent=4519"}],"curies":[{"name":"wp","href":"https:\/\/api.w.org\/{rel}","templated":true}]}}