{"id":4517,"date":"2022-11-15T10:57:48","date_gmt":"2022-11-15T09:57:48","guid":{"rendered":"https:\/\/jednostki.uksw.edu.pl\/dzp\/?page_id=4517"},"modified":"2026-01-23T09:31:54","modified_gmt":"2026-01-23T08:31:54","slug":"wnioski","status":"publish","type":"page","link":"https:\/\/dzp.uksw.edu.pl\/informacje-dla-pracownikow\/wnioski\/","title":{"rendered":"Przydatne dokumenty"},"content":{"rendered":"\n<h2 class=\"wp-block-heading\"><strong>Wnioski<\/strong><\/h2>\n\n\n\r\n<div class=\"\">\r\n\r\n\r\n<div class=\"row\">\r\n\r\n  \r\n<div class=\"col-xl-12 col-lg-12 col-md-12 col-sm-12 \">\r\n\t\t<div class=\"download_detils\">\r\n\t\t\t<a href=\"https:\/\/dzp.uksw.edu.pl\/wp-content\/uploads\/sites\/25\/2026\/01\/zal_2_wniosek-3.docx\"  target=\"_blank\" >\r\n\t\t\t<img decoding=\"async\" src=\"https:\/\/dzp.uksw.edu.pl\/wp-content\/themes\/uksw\/images\/import.svg\" alt=\"\"> Wniosek o udzielenie zam\u00f3wienia publicznego [DOCX,  0.04 MB]<\/a>\r\n\t\t<\/div>\r\n<\/div>\r\n\r\n\r\n\t\t\r\n<div class=\"col-xl-12 col-lg-12 col-md-12 col-sm-12 \">\r\n\t\t<div class=\"download_detils\">\r\n\t\t\t<a href=\"https:\/\/dzp.uksw.edu.pl\/wp-content\/uploads\/sites\/25\/2026\/01\/zal_3_wniosek_dofinansowanie-1.docx\"  target=\"_blank\" >\r\n\t\t\t<img decoding=\"async\" src=\"https:\/\/dzp.uksw.edu.pl\/wp-content\/themes\/uksw\/images\/import.svg\" alt=\"\"> Dofinansowanie wniosku o udzielenie zam\u00f3wienia publicznego [DOCX,  0.03 MB]<\/a>\r\n\t\t<\/div>\r\n<\/div>\r\n\r\n\r\n\t\t\r\n<div class=\"col-xl-12 col-lg-12 col-md-12 col-sm-12 \">\r\n\t\t<div class=\"download_detils\">\r\n\t\t\t<a href=\"https:\/\/dzp.uksw.edu.pl\/wp-content\/uploads\/sites\/25\/2026\/01\/zal_6_notatka-1.docx\"  target=\"_blank\" >\r\n\t\t\t<img decoding=\"async\" src=\"https:\/\/dzp.uksw.edu.pl\/wp-content\/themes\/uksw\/images\/import.svg\" alt=\"\"> Notatka z przeprowadzonego rozeznania rynku w celu oszacowania warto\u015bci\nzam\u00f3wienia [DOCX,  0.03 MB]<\/a>\r\n\t\t<\/div>\r\n<\/div>\r\n\r\n\r\n\t\t\r\n<div class=\"col-xl-12 col-lg-12 col-md-12 col-sm-12 \">\r\n\t\t<div class=\"download_detils\">\r\n\t\t\t<a href=\"https:\/\/dzp.uksw.edu.pl\/wp-content\/uploads\/sites\/25\/2026\/01\/zal_5_oswiadczenie_badawcze-1.docx\"  target=\"_blank\" >\r\n\t\t\t<img decoding=\"async\" src=\"https:\/\/dzp.uksw.edu.pl\/wp-content\/themes\/uksw\/images\/import.svg\" alt=\"\"> O\u015bwiadczenie (cele naukowe, badawcze, rozwojowe, materia\u0142y biblioteczne) [DOCX,  0.02 MB]<\/a>\r\n\t\t<\/div>\r\n<\/div>\r\n\r\n\r\n\t\t\r\n\t\t \r\n\r\n<\/div>\r\n<\/div>\r\n<div class=\"space20\"><\/div>\r\n\r\n\n\n\n<h2 class=\"wp-block-heading\"><strong>Decyzje Kanclerza<\/strong> <strong>w zakresie zam\u00f3wie\u0144 publicznych<\/strong><\/h2>\n\n\n\r\n<div class=\"\">\r\n\r\n\r\n<div class=\"row\">\r\n\r\n  \r\n<div class=\"col-xl-12 col-lg-12 col-md-12 col-sm-12 \">\r\n\t\t<div class=\"download_detils\">\r\n\t\t\t<a href=\"https:\/\/dzp.uksw.edu.pl\/wp-content\/uploads\/sites\/25\/2026\/01\/1768905622_2-2026-d-kan.pdf\"  target=\"_blank\" >\r\n\t\t\t<img decoding=\"async\" src=\"https:\/\/dzp.uksw.edu.pl\/wp-content\/themes\/uksw\/images\/import.svg\" alt=\"\"> Decyzja Nr 2\/2026 Kanclerza Uniwersytetu Kardyna\u0142a Stefana Wyszy\u0144skiego w\nWarszawie z dnia 8 stycznia 2026 r. w sprawie zasad realizacji zam\u00f3wie\u0144\nbran\u017cowych [PDF,  0.10 MB]<\/a>\r\n\t\t<\/div>\r\n<\/div>\r\n\r\n\r\n\t\t\r\n<div class=\"col-xl-12 col-lg-12 col-md-12 col-sm-12 \">\r\n\t\t<div class=\"download_detils\">\r\n\t\t\t<a href=\"https:\/\/dzp.uksw.edu.pl\/wp-content\/uploads\/sites\/25\/2026\/01\/1768905633_zal-do-d-kan-2-2026-zakresy-jednostek.pdf\"  target=\"_blank\" >\r\n\t\t\t<img decoding=\"async\" src=\"https:\/\/dzp.uksw.edu.pl\/wp-content\/themes\/uksw\/images\/import.svg\" alt=\"\"> Za\u0142\u0105cznik do Decyzji Nr 2\/2026 Kanclerza UKSW &#8211; zakresy merytoryczne jednostek [PDF,  0.09 MB]<\/a>\r\n\t\t<\/div>\r\n<\/div>\r\n\r\n\r\n\t\t\r\n<div class=\"col-xl-12 col-lg-12 col-md-12 col-sm-12 \">\r\n\t\t<div class=\"download_detils\">\r\n\t\t\t<a href=\"https:\/\/dzp.uksw.edu.pl\/wp-content\/uploads\/sites\/25\/2026\/01\/1768905748_3-2026-d-kan.pdf\"  target=\"_blank\" >\r\n\t\t\t<img decoding=\"async\" src=\"https:\/\/dzp.uksw.edu.pl\/wp-content\/themes\/uksw\/images\/import.svg\" alt=\"\"> Decyzja Nr 3\/2026 Kanclerza Uniwersytetu Kardyna\u0142a Stefana Wyszy\u0144skiego w\nWarszawie z dnia 8 stycznia 2026 r. w sprawie wprowadzenia wzoru zapotrzebowania\nna realizacj\u0119 zam\u00f3wie\u0144 do kwoty 6 500,00 z\u0142 netto, nieprzekraczaj\u0105cych\njednostkowej ceny netto 1 500,00 z\u0142 [PDF,  0.07 MB]<\/a>\r\n\t\t<\/div>\r\n<\/div>\r\n\r\n\r\n\t\t\r\n<div class=\"col-xl-12 col-lg-12 col-md-12 col-sm-12 \">\r\n\t\t<div class=\"download_detils\">\r\n\t\t\t<a href=\"https:\/\/dzp.uksw.edu.pl\/wp-content\/uploads\/sites\/25\/2026\/01\/zal_do_dec_3_2026_KAN_zapotrzebowanie_do_6500.docx\"  target=\"_blank\" >\r\n\t\t\t<img decoding=\"async\" src=\"https:\/\/dzp.uksw.edu.pl\/wp-content\/themes\/uksw\/images\/import.svg\" alt=\"\"> Za\u0142\u0105cznik do Decyzji Nr 3\/2026 Kanclerza UKSW &#8211; zapotrzebowanie na zakup [DOCX,  0.03 MB]<\/a>\r\n\t\t<\/div>\r\n<\/div>\r\n\r\n\r\n\t\t\r\n<div class=\"col-xl-12 col-lg-12 col-md-12 col-sm-12 \">\r\n\t\t<div class=\"download_detils\">\r\n\t\t\t<a href=\"https:\/\/dzp.uksw.edu.pl\/wp-content\/uploads\/sites\/25\/2026\/01\/1768905849_4-2026-d-kan.pdf\"  target=\"_blank\" >\r\n\t\t\t<img decoding=\"async\" src=\"https:\/\/dzp.uksw.edu.pl\/wp-content\/themes\/uksw\/images\/import.svg\" alt=\"\"> Decyzja Nr 4\/2026 Kanclerza Uniwersytetu Kardyna\u0142a Stefana Wyszy\u0144skiego w\nWarszawie z dnia 8 stycznia 2026 r. w sprawie wprowadzenia wzoru zapotrzebowania\nna realizacj\u0119 zam\u00f3wie\u0144 do kwoty 26 000,00 z\u0142 netto [PDF,  0.08 MB]<\/a>\r\n\t\t<\/div>\r\n<\/div>\r\n\r\n\r\n\t\t\r\n<div class=\"col-xl-12 col-lg-12 col-md-12 col-sm-12 \">\r\n\t\t<div class=\"download_detils\">\r\n\t\t\t<a href=\"https:\/\/dzp.uksw.edu.pl\/wp-content\/uploads\/sites\/25\/2026\/01\/zal_do_dec_4_2026_KAN_zapotrzebowanie_do-26.docx\"  target=\"_blank\" >\r\n\t\t\t<img decoding=\"async\" src=\"https:\/\/dzp.uksw.edu.pl\/wp-content\/themes\/uksw\/images\/import.svg\" alt=\"\"> Za\u0142\u0105cznik do Decyzji Nr 4\/2026 Kanclerza UKSW &#8211; zam\u00f3wienie [DOCX,  0.18 MB]<\/a>\r\n\t\t<\/div>\r\n<\/div>\r\n\r\n\r\n\t\t\r\n<div class=\"col-xl-12 col-lg-12 col-md-12 col-sm-12 \">\r\n\t\t<div class=\"download_detils\">\r\n\t\t\t<a href=\"https:\/\/dzp.uksw.edu.pl\/wp-content\/uploads\/sites\/25\/2026\/01\/1768905956_5-2026-d-kan.pdf\"  target=\"_blank\" >\r\n\t\t\t<img decoding=\"async\" src=\"https:\/\/dzp.uksw.edu.pl\/wp-content\/themes\/uksw\/images\/import.svg\" alt=\"\"> Decyzja Nr 5\/2026 Kanclerza Uniwersytetu Kardyna\u0142a Stefana Wyszy\u0144skiego w\nWarszawie z dnia 8 stycznia 2026 r. w sprawie okre\u015blenia wydatk\u00f3w zwolnionych\nz obowi\u0105zku sk\u0142adania wniosku o udzielenie zam\u00f3wienia publicznego [PDF,  0.07 MB]<\/a>\r\n\t\t<\/div>\r\n<\/div>\r\n\r\n\r\n\t\t\r\n<div class=\"col-xl-12 col-lg-12 col-md-12 col-sm-12 \">\r\n\t\t<div class=\"download_detils\">\r\n\t\t\t<a href=\"https:\/\/dzp.uksw.edu.pl\/wp-content\/uploads\/sites\/25\/2026\/01\/1768905967_zal-do-d-kan-5-2026-zwolnione-ze-skladania-wnioskow.pdf\"  target=\"_blank\" >\r\n\t\t\t<img decoding=\"async\" src=\"https:\/\/dzp.uksw.edu.pl\/wp-content\/themes\/uksw\/images\/import.svg\" alt=\"\"> Za\u0142\u0105cznik do Decyzji Nr 5\/2026 Kanclerza UKSW &#8211; wydatki zwolnione z obowi\u0105zku\nsk\u0142adania wniosku o udzielenie zam\u00f3wienia publicznego [PDF,  0.08 MB]<\/a>\r\n\t\t<\/div>\r\n<\/div>\r\n\r\n\r\n\t\t\r\n<div class=\"col-xl-12 col-lg-12 col-md-12 col-sm-12 \">\r\n\t\t<div class=\"download_detils\">\r\n\t\t\t<a href=\"https:\/\/dzp.uksw.edu.pl\/wp-content\/uploads\/sites\/25\/2024\/03\/1709543296_4-d-2024-5.pdf\"  target=\"_blank\" >\r\n\t\t\t<img decoding=\"async\" src=\"https:\/\/dzp.uksw.edu.pl\/wp-content\/themes\/uksw\/images\/import.svg\" alt=\"\"> Decyzja Nr 9\/2024 Kanclerza Uniwersytetu Kardyna\u0142a Stefana Wyszy\u0144skiego w\nWarszawie z dnia 4 marca 2024 r. w sprawie wprowadzenia instrukcji rezerwacji\nbilet\u00f3w lotniczych oraz miejsc noclegowych w ramach podr\u00f3\u017cy s\u0142u\u017cbowych [PDF,  0.13 MB]<\/a>\r\n\t\t<\/div>\r\n<\/div>\r\n\r\n\r\n\t\t\r\n<div class=\"col-xl-12 col-lg-12 col-md-12 col-sm-12 \">\r\n\t\t<div class=\"download_detils\">\r\n\t\t\t<a href=\"https:\/\/dzp.uksw.edu.pl\/wp-content\/uploads\/sites\/25\/2024\/03\/1709543296_zal-d-3-1.pdf\"  target=\"_blank\" >\r\n\t\t\t<img decoding=\"async\" src=\"https:\/\/dzp.uksw.edu.pl\/wp-content\/themes\/uksw\/images\/import.svg\" alt=\"\"> Za\u0142\u0105cznik do Decyzji Nr 9\/2024 &#8211; zam\u00f3wienie na zakup biletu lotniczego  [PDF,  0.13 MB]<\/a>\r\n\t\t<\/div>\r\n<\/div>\r\n\r\n\r\n\t\t\r\n\t\t \r\n\r\n<\/div>\r\n<\/div>\r\n<div class=\"space20\"><\/div>\r\n\r\n","protected":false},"excerpt":{"rendered":"<p>Wnioski Decyzje Kanclerza w zakresie zam\u00f3wie\u0144 publicznych<\/p>\n","protected":false},"author":20,"featured_media":0,"parent":3361,"menu_order":0,"comment_status":"closed","ping_status":"closed","template":"page-templates\/template-sub-page.php","meta":{"_acf_changed":false,"inline_featured_image":false,"footnotes":"","_links_to":"","_links_to_target":""},"class_list":["post-4517","page","type-page","status-publish","hentry"],"acf":[],"_links":{"self":[{"href":"https:\/\/dzp.uksw.edu.pl\/pl\/wp-json\/wp\/v2\/pages\/4517","targetHints":{"allow":["GET"]}}],"collection":[{"href":"https:\/\/dzp.uksw.edu.pl\/pl\/wp-json\/wp\/v2\/pages"}],"about":[{"href":"https:\/\/dzp.uksw.edu.pl\/pl\/wp-json\/wp\/v2\/types\/page"}],"author":[{"embeddable":true,"href":"https:\/\/dzp.uksw.edu.pl\/pl\/wp-json\/wp\/v2\/users\/20"}],"replies":[{"embeddable":true,"href":"https:\/\/dzp.uksw.edu.pl\/pl\/wp-json\/wp\/v2\/comments?post=4517"}],"version-history":[{"count":39,"href":"https:\/\/dzp.uksw.edu.pl\/pl\/wp-json\/wp\/v2\/pages\/4517\/revisions"}],"predecessor-version":[{"id":5207,"href":"https:\/\/dzp.uksw.edu.pl\/pl\/wp-json\/wp\/v2\/pages\/4517\/revisions\/5207"}],"up":[{"embeddable":true,"href":"https:\/\/dzp.uksw.edu.pl\/pl\/wp-json\/wp\/v2\/pages\/3361"}],"wp:attachment":[{"href":"https:\/\/dzp.uksw.edu.pl\/pl\/wp-json\/wp\/v2\/media?parent=4517"}],"curies":[{"name":"wp","href":"https:\/\/api.w.org\/{rel}","templated":true}]}}