{"id":3840,"date":"2022-11-14T12:06:53","date_gmt":"2022-11-14T11:06:53","guid":{"rendered":"https:\/\/jednostki.uksw.edu.pl\/dzp\/archiwum-2\/archiwum-2022\/"},"modified":"2022-11-15T12:27:45","modified_gmt":"2022-11-15T11:27:45","slug":"archiwum-2022","status":"publish","type":"page","link":"https:\/\/dzp.uksw.edu.pl\/archiwum\/archiwum-2022\/","title":{"rendered":"Archiwum 2022"},"content":{"rendered":"\n<h2 class=\"wp-block-heading\">Og\u0142oszenie post\u0119powania, kt\u00f3rego przedmiotem jest wyb\u00f3r dzier\u017cawcy nieruchomo\u015bci po\u0142o\u017conej przy ul. Arciszewskiego 24 w Ko\u0142obrzegu, prowadzonego przez Uniwersytet Kardyna\u0142a Stefana Wyszy\u0144skiego w Warszawie<\/h2>\n\n\n\r\n<div class=\"\">\r\n\r\n\r\n<div class=\"row\">\r\n\r\n  \r\n<div class=\"col-xl-12 col-lg-12 col-md-12 col-sm-12 \">\r\n\t\t<div class=\"download_detils\">\r\n\t\t\t<a href=\"https:\/\/dzp.uksw.edu.pl\/wp-content\/uploads\/sites\/25\/2022\/11\/Ogloszenie-dotyczace-dzierzawy-Kolobrzeg.pdf\"  target=\"_blank\" >\r\n\t\t\t<img decoding=\"async\" src=\"https:\/\/dzp.uksw.edu.pl\/wp-content\/themes\/uksw\/images\/import.svg\" alt=\"\"> Og\u0142oszenie dotycz\u0105ce dzier\u017cawy \u2013 Ko\u0142obrzeg [PDF,  0.19 MB]<\/a>\r\n\t\t<\/div>\r\n<\/div>\r\n\r\n\r\n\t\t\r\n\t\t \r\n\r\n<\/div>\r\n<\/div>\r\n<div class=\"space20\"><\/div>\r\n\r\n","protected":false},"excerpt":{"rendered":"<p>Og\u0142oszenie post\u0119powania, kt\u00f3rego przedmiotem jest wyb\u00f3r dzier\u017cawcy nieruchomo\u015bci po\u0142o\u017conej przy ul. Arciszewskiego 24 w Ko\u0142obrzegu, prowadzonego przez Uniwersytet Kardyna\u0142a Stefana Wyszy\u0144skiego w Warszawie<\/p>\n","protected":false},"author":1,"featured_media":0,"parent":3714,"menu_order":2,"comment_status":"closed","ping_status":"closed","template":"page-templates\/template-sub-page.php","meta":{"_acf_changed":false,"inline_featured_image":false,"footnotes":"","_links_to":"","_links_to_target":""},"class_list":["post-3840","page","type-page","status-publish","hentry"],"acf":[],"_links":{"self":[{"href":"https:\/\/dzp.uksw.edu.pl\/pl\/wp-json\/wp\/v2\/pages\/3840","targetHints":{"allow":["GET"]}}],"collection":[{"href":"https:\/\/dzp.uksw.edu.pl\/pl\/wp-json\/wp\/v2\/pages"}],"about":[{"href":"https:\/\/dzp.uksw.edu.pl\/pl\/wp-json\/wp\/v2\/types\/page"}],"author":[{"embeddable":true,"href":"https:\/\/dzp.uksw.edu.pl\/pl\/wp-json\/wp\/v2\/users\/1"}],"replies":[{"embeddable":true,"href":"https:\/\/dzp.uksw.edu.pl\/pl\/wp-json\/wp\/v2\/comments?post=3840"}],"version-history":[{"count":7,"href":"https:\/\/dzp.uksw.edu.pl\/pl\/wp-json\/wp\/v2\/pages\/3840\/revisions"}],"predecessor-version":[{"id":4613,"href":"https:\/\/dzp.uksw.edu.pl\/pl\/wp-json\/wp\/v2\/pages\/3840\/revisions\/4613"}],"up":[{"embeddable":true,"href":"https:\/\/dzp.uksw.edu.pl\/pl\/wp-json\/wp\/v2\/pages\/3714"}],"wp:attachment":[{"href":"https:\/\/dzp.uksw.edu.pl\/pl\/wp-json\/wp\/v2\/media?parent=3840"}],"curies":[{"name":"wp","href":"https:\/\/api.w.org\/{rel}","templated":true}]}}