{"id":3714,"date":"2022-10-17T12:49:16","date_gmt":"2022-10-17T10:49:16","guid":{"rendered":"https:\/\/jednostki.uksw.edu.pl\/bon\/?page_id=3714"},"modified":"2025-02-14T12:33:07","modified_gmt":"2025-02-14T11:33:07","slug":"archiwum","status":"publish","type":"page","link":"https:\/\/dzp.uksw.edu.pl\/archiwum\/","title":{"rendered":"Archiwum"},"content":{"rendered":"\r\n<div class=\"\">\r\n\r\n<div class=\"page_heading\"> <img decoding=\"async\" src=\"https:\/\/dzp.uksw.edu.pl\/wp-content\/themes\/uksw\/images\/note-2_white.svg\" alt=\"\"> Wybierz interesuj\u0105cy Ci\u0119 dzia\u0142:<\/div>\r\n<div class=\"candidate_box_sec\">\r\n<div class=\"row\">\r\n\r\n    \r\n                                \r\n                            <div class=\"col-xl-4 col-lg-6 col-md-12 col-sm-12 project\">\r\n                                <a href=\"https:\/\/dzp.uksw.edu.pl\/?post_type=page&#038;p=3840\" class=\"project_box\">\r\n                                    <div class=\"candidate_box project_box\">\r\n                                        <div class=\"candidate_box_title\">Archiwum<\/div>\r\n                                                                                <div class=\"candidate_box_sub_title\">2022<\/div>\r\n                                                                                <img decoding=\"async\" src=\"https:\/\/dzp.uksw.edu.pl\/wp-content\/themes\/uksw\/images\/arrow_more1.svg\" alt=\"\">  \r\n                                    <\/div>\r\n                                <\/a>\r\n                            <\/div>\r\n                      \r\n                        \r\n                            \r\n                                \r\n                            <div class=\"col-xl-4 col-lg-6 col-md-12 col-sm-12 project\">\r\n                                <a href=\"https:\/\/dzp.uksw.edu.pl\/?post_type=page&#038;p=3841\" class=\"project_box\">\r\n                                    <div class=\"candidate_box project_box\">\r\n                                        <div class=\"candidate_box_title\">Archiwum<\/div>\r\n                                                                                <div class=\"candidate_box_sub_title\">2021<\/div>\r\n                                                                                <img decoding=\"async\" src=\"https:\/\/dzp.uksw.edu.pl\/wp-content\/themes\/uksw\/images\/arrow_more1.svg\" alt=\"\">  \r\n                                    <\/div>\r\n                                <\/a>\r\n                            <\/div>\r\n                      \r\n                        \r\n                            \r\n                                \r\n                            <div class=\"col-xl-4 col-lg-6 col-md-12 col-sm-12 project\">\r\n                                <a href=\"https:\/\/dzp.uksw.edu.pl\/?post_type=page&#038;p=3842\" class=\"project_box\">\r\n                                    <div class=\"candidate_box project_box\">\r\n                                        <div class=\"candidate_box_title\">Archiwum<\/div>\r\n                                                                                <div class=\"candidate_box_sub_title\">2020<\/div>\r\n                                                                                <img decoding=\"async\" src=\"https:\/\/dzp.uksw.edu.pl\/wp-content\/themes\/uksw\/images\/arrow_more1.svg\" alt=\"\">  \r\n                                    <\/div>\r\n                                <\/a>\r\n                            <\/div>\r\n                      \r\n                        \r\n                            \r\n                                \r\n                            <div class=\"col-xl-4 col-lg-6 col-md-12 col-sm-12 project\">\r\n                                <a href=\"https:\/\/dzp.uksw.edu.pl\/?post_type=page&#038;p=4017\" class=\"project_box\">\r\n                                    <div class=\"candidate_box project_box\">\r\n                                        <div class=\"candidate_box_title\">Archiwum<\/div>\r\n                                                                                <div class=\"candidate_box_sub_title\">2019<\/div>\r\n                                                                                <img decoding=\"async\" src=\"https:\/\/dzp.uksw.edu.pl\/wp-content\/themes\/uksw\/images\/arrow_more1.svg\" alt=\"\">  \r\n                                    <\/div>\r\n                                <\/a>\r\n                            <\/div>\r\n                      \r\n                        \r\n                            \r\n                                \r\n                            <div class=\"col-xl-4 col-lg-6 col-md-12 col-sm-12 project\">\r\n                                <a href=\"https:\/\/dzp.uksw.edu.pl\/?post_type=page&#038;p=4015\" class=\"project_box\">\r\n                                    <div class=\"candidate_box project_box\">\r\n                                        <div class=\"candidate_box_title\">Archiwum<\/div>\r\n                                                                                <div class=\"candidate_box_sub_title\">2018<\/div>\r\n                                                                                <img decoding=\"async\" src=\"https:\/\/dzp.uksw.edu.pl\/wp-content\/themes\/uksw\/images\/arrow_more1.svg\" alt=\"\">  \r\n                                    <\/div>\r\n                                <\/a>\r\n                            <\/div>\r\n                      \r\n                        \r\n                            <\/div>\r\n<\/div>\r\n\r\n<\/div>","protected":false},"excerpt":{"rendered":"","protected":false},"author":7,"featured_media":0,"parent":0,"menu_order":1,"comment_status":"closed","ping_status":"closed","template":"page-templates\/template-sub-page.php","meta":{"_acf_changed":false,"inline_featured_image":false,"footnotes":"","_links_to":"","_links_to_target":""},"class_list":["post-3714","page","type-page","status-publish","hentry"],"acf":[],"_links":{"self":[{"href":"https:\/\/dzp.uksw.edu.pl\/pl\/wp-json\/wp\/v2\/pages\/3714","targetHints":{"allow":["GET"]}}],"collection":[{"href":"https:\/\/dzp.uksw.edu.pl\/pl\/wp-json\/wp\/v2\/pages"}],"about":[{"href":"https:\/\/dzp.uksw.edu.pl\/pl\/wp-json\/wp\/v2\/types\/page"}],"author":[{"embeddable":true,"href":"https:\/\/dzp.uksw.edu.pl\/pl\/wp-json\/wp\/v2\/users\/7"}],"replies":[{"embeddable":true,"href":"https:\/\/dzp.uksw.edu.pl\/pl\/wp-json\/wp\/v2\/comments?post=3714"}],"version-history":[{"count":4,"href":"https:\/\/dzp.uksw.edu.pl\/pl\/wp-json\/wp\/v2\/pages\/3714\/revisions"}],"predecessor-version":[{"id":4677,"href":"https:\/\/dzp.uksw.edu.pl\/pl\/wp-json\/wp\/v2\/pages\/3714\/revisions\/4677"}],"wp:attachment":[{"href":"https:\/\/dzp.uksw.edu.pl\/pl\/wp-json\/wp\/v2\/media?parent=3714"}],"curies":[{"name":"wp","href":"https:\/\/api.w.org\/{rel}","templated":true}]}}