{"id":3365,"date":"2022-08-05T10:08:24","date_gmt":"2022-08-05T08:08:24","guid":{"rendered":"https:\/\/jednostki.uksw.edu.pl\/wfch\/?page_id=30"},"modified":"2026-04-01T14:25:55","modified_gmt":"2026-04-01T12:25:55","slug":"kontakt","status":"publish","type":"page","link":"https:\/\/dzp.uksw.edu.pl\/kontakt\/","title":{"rendered":"Kontakt"},"content":{"rendered":"\r\n<div class=\"\">\r\n\r\n<div class=\"row\">\r\n\r\n  \r\n\r\n\r\n     <div class=\"col-xl-6 col-lg-6 col-md-12 col-sm-12 project\">\r\n\t\t\t<div class=\"contact_box project_box\">\r\n\t\t\t<div class=\"headingh2\">Agnieszka Druzi\u0144ska<\/div>\r\n\t\t\t<div class=\"headingh3\">Kierownik Dzia\u0142u Zam\u00f3wie\u0144 Publicznych<\/div><br>\r\n\r\n\r\n\t\t\t<p>e-mail: <a href=\"mailto:a.druzinska@uksw.edu.pl\">a.druzinska@uksw.edu.pl<\/a><br \/>\ntel.: <a href=\"tel:(22)5618943\">22 561 89 43<\/a> lub wew. 343<\/p>\n\t\t\t<\/div>\r\n    <\/div>\r\n\r\n\t\r\n\r\n\r\n     <div class=\"col-xl-6 col-lg-6 col-md-12 col-sm-12 project\">\r\n\t\t\t<div class=\"contact_box project_box\">\r\n\t\t\t<div class=\"headingh2\">Wiktoria Olszewska<\/div>\r\n\t\t\t<div class=\"headingh3\">referent ds. zam\u00f3wie\u0144 publicznych<\/div><br>\r\n\r\n\r\n\t\t\t<p>e-mail: <a href=\"mailto:w.olszewska@uksw.edu.pl\">w.olszewska@uksw.edu.pl<\/a><br \/>\ntel.: <a href=\"tel:(22)5618924\">22 561 89 24<\/a> lub wew. 324<\/p>\n\t\t\t<\/div>\r\n    <\/div>\r\n\r\n\t\r\n\r\n\r\n     <div class=\"col-xl-6 col-lg-6 col-md-12 col-sm-12 project\">\r\n\t\t\t<div class=\"contact_box project_box\">\r\n\t\t\t<div class=\"headingh2\">Agata Wegner<\/div>\r\n\t\t\t<div class=\"headingh3\">specjalista ds. zam\u00f3wie\u0144 publicznych<\/div><br>\r\n\r\n\r\n\t\t\t<p>e-mail: <a href=\"mailto:agata.wegner@uksw.edu.pl\">agata.wegner@uksw.edu.pl<\/a><br \/>\ntel.: <a href=\"tel:(22)5618908\">22 561 89 08<\/a> lub wew. 308<\/p>\n\t\t\t<\/div>\r\n    <\/div>\r\n\r\n\t\r\n\t \r\n\r\n\r\n<\/div>\r\n  \r\n<\/div>\r\n","protected":false},"excerpt":{"rendered":"","protected":false},"author":7,"featured_media":0,"parent":0,"menu_order":0,"comment_status":"closed","ping_status":"closed","template":"page-templates\/template-standerd-page.php","meta":{"_acf_changed":false,"inline_featured_image":false,"footnotes":"","_links_to":"","_links_to_target":""},"class_list":["post-3365","page","type-page","status-publish","hentry"],"acf":[],"_links":{"self":[{"href":"https:\/\/dzp.uksw.edu.pl\/pl\/wp-json\/wp\/v2\/pages\/3365","targetHints":{"allow":["GET"]}}],"collection":[{"href":"https:\/\/dzp.uksw.edu.pl\/pl\/wp-json\/wp\/v2\/pages"}],"about":[{"href":"https:\/\/dzp.uksw.edu.pl\/pl\/wp-json\/wp\/v2\/types\/page"}],"author":[{"embeddable":true,"href":"https:\/\/dzp.uksw.edu.pl\/pl\/wp-json\/wp\/v2\/users\/7"}],"replies":[{"embeddable":true,"href":"https:\/\/dzp.uksw.edu.pl\/pl\/wp-json\/wp\/v2\/comments?post=3365"}],"version-history":[{"count":76,"href":"https:\/\/dzp.uksw.edu.pl\/pl\/wp-json\/wp\/v2\/pages\/3365\/revisions"}],"predecessor-version":[{"id":5234,"href":"https:\/\/dzp.uksw.edu.pl\/pl\/wp-json\/wp\/v2\/pages\/3365\/revisions\/5234"}],"wp:attachment":[{"href":"https:\/\/dzp.uksw.edu.pl\/pl\/wp-json\/wp\/v2\/media?parent=3365"}],"curies":[{"name":"wp","href":"https:\/\/api.w.org\/{rel}","templated":true}]}}