{"id":3361,"date":"2025-12-30T11:04:10","date_gmt":"2025-12-30T10:04:10","guid":{"rendered":"https:\/\/jednostki.uksw.edu.pl\/?page_id=2775"},"modified":"2026-03-31T12:45:39","modified_gmt":"2026-03-31T10:45:39","slug":"informacje-dla-pracownikow","status":"publish","type":"page","link":"https:\/\/dzp.uksw.edu.pl\/informacje-dla-pracownikow\/","title":{"rendered":"Informacje dla pracownik\u00f3w"},"content":{"rendered":"\n<h2 class=\"wp-block-heading\"><strong>Kurs Euro<\/strong><\/h2>\n\n\n\n<p>\u015aredni kurs z\u0142otego w stosunku do euro, stanowi\u0105cy podstaw\u0119 przeliczania warto\u015bci zam\u00f3wie\u0144 publicznych lub konkurs\u00f3w, obowi\u0105zuj\u0105cy <br>od 1 stycznia 2026 r. do 31 grudnia 2027 r., wynosi <strong>4,31 <\/strong>(zgodnie z obwieszczeniem Prezesa Urz\u0119du Zam\u00f3wie\u0144 Publicznych z dnia 8 grudnia 2025 r.).<\/p>\n\n\n\n<h2 class=\"wp-block-heading\"><strong>Kalkulator kwot netto-euro-brutto<\/strong><\/h2>\n\n\n\n<p>Kalkulator pozwala na obliczenie kwot netto\/euro\/brutto do wniosku o udzielenie zam\u00f3wienia publicznego (przy wskazaniu prawid\u0142owej stawki VAT): <a href=\"https:\/\/office365uksw-my.sharepoint.com\/:x:\/g\/personal\/r_stasiak_uksw_edu_pl\/EcpXenUBa2pIpwEbw2wIQvYBdvVgmiK1vEhqnRk3GaLjWA?e=8fu00g\">kalkulator_dzp.xlsx<\/a><\/p>\n\n\n\n<p><strong>Uwaga!<\/strong> W przypadku dokonywania zakup\u00f3w w obcej walucie, szacowan\u0105 warto\u015b\u0107 zam\u00f3wienia nale\u017cy przeliczy\u0107 na z\u0142ot\u00f3wki wed\u0142ug \u015bredniego kursu NBP dla danej waluty z dnia dokonywania szacowania. <\/p>\n\n\n\n<h2 class=\"wp-block-heading\"><strong>Instrukcja wype\u0142niania wniosku o udzielenie zam\u00f3wienia publicznego<\/strong><\/h2>\n\n\n\r\n<div class=\"\">\r\n\r\n\r\n<div class=\"row\">\r\n\r\n  \r\n<div class=\"col-xl-12 col-lg-12 col-md-12 col-sm-12 \">\r\n\t\t<div class=\"download_detils\">\r\n\t\t\t<a href=\"https:\/\/dzp.uksw.edu.pl\/wp-content\/uploads\/sites\/25\/2025\/12\/Instrukcja-wypelniania-wniosku-o-udzielenie-zamowienia-publicznego_2026.pdf\"  target=\"_blank\" >\r\n\t\t\t<img decoding=\"async\" src=\"https:\/\/dzp.uksw.edu.pl\/wp-content\/themes\/uksw\/images\/import.svg\" alt=\"\"> Instrukcja [PDF,  0.47 MB]<\/a>\r\n\t\t<\/div>\r\n<\/div>\r\n\r\n\r\n\t\t\r\n\t\t \r\n\r\n<\/div>\r\n<\/div>\r\n<div class=\"space20\"><\/div>\r\n\r\n\n\n\n<h2 class=\"wp-block-heading\"><strong>Schemat realizacji zam\u00f3wie\u0144<\/strong><\/h2>\n\n\n\r\n<div class=\"\">\r\n\r\n\r\n<div class=\"row\">\r\n\r\n  \r\n<div class=\"col-xl-12 col-lg-12 col-md-12 col-sm-12 \">\r\n\t\t<div class=\"download_detils\">\r\n\t\t\t<a href=\"https:\/\/dzp.uksw.edu.pl\/wp-content\/uploads\/sites\/25\/2026\/02\/schemat-realizacji-zamowien-1.pdf\"  target=\"_blank\" >\r\n\t\t\t<img decoding=\"async\" src=\"https:\/\/dzp.uksw.edu.pl\/wp-content\/themes\/uksw\/images\/import.svg\" alt=\"\"> Schemat [PDF,  0.18 MB]<\/a>\r\n\t\t<\/div>\r\n<\/div>\r\n\r\n\r\n\t\t\r\n\t\t \r\n\r\n<\/div>\r\n<\/div>\r\n<div class=\"space20\"><\/div>\r\n\r\n\n\n\n<h2 class=\"wp-block-heading\"><strong>Planowanie zam\u00f3wie\u0144 publicznych&nbsp;<\/strong><\/h2>\n\n\n\n<p>Dokument do pobrania w linku poni\u017cej:<\/p>\n\n\n\r\n<div class=\"\">\r\n\r\n\r\n<div class=\"row\">\r\n\r\n  \r\n<div class=\"col-xl-12 col-lg-12 col-md-12 col-sm-12 \">\r\n\t\t<div class=\"download_detils\">\r\n\t\t\t<a href=\"https:\/\/dzp.uksw.edu.pl\/wp-content\/uploads\/sites\/25\/2025\/02\/zgloszenie-do-planu.xlsx\"  title=\"Zestawienie planowanych do realizacji dostaw, us\u0142ug, rob\u00f3t budowlanych\" download >\r\n\t\t\t<img decoding=\"async\" src=\"https:\/\/dzp.uksw.edu.pl\/wp-content\/themes\/uksw\/images\/import.svg\" alt=\"\"> Zestawienie planowanych do realizacji dostaw, us\u0142ug, rob\u00f3t budowlanych [XLSX,  0.02 MB]<\/a>\r\n\t\t<\/div>\r\n<\/div>\r\n\r\n\r\n\t\t\r\n\t\t \r\n\r\n<\/div>\r\n<\/div>\r\n<div class=\"space20\"><\/div>\r\n\r\n","protected":false},"excerpt":{"rendered":"<p>Kurs Euro \u015aredni kurs z\u0142otego w stosunku do euro, stanowi\u0105cy podstaw\u0119 przeliczania warto\u015bci zam\u00f3wie\u0144 publicznych lub konkurs\u00f3w, obowi\u0105zuj\u0105cy od 1 stycznia 2026 r. do 31 grudnia 2027 r., wynosi 4,31 (zgodnie z obwieszczeniem Prezesa Urz\u0119du Zam\u00f3wie\u0144 Publicznych z dnia 8 grudnia 2025 r.). Kalkulator kwot netto-euro-brutto Kalkulator pozwala na obliczenie kwot netto\/euro\/brutto do wniosku o [&hellip;]<\/p>\n","protected":false},"author":7,"featured_media":0,"parent":0,"menu_order":0,"comment_status":"closed","ping_status":"closed","template":"page-templates\/template-sub-page.php","meta":{"_acf_changed":false,"inline_featured_image":false,"footnotes":"","_links_to":"","_links_to_target":""},"class_list":["post-3361","page","type-page","status-publish","hentry"],"acf":[],"_links":{"self":[{"href":"https:\/\/dzp.uksw.edu.pl\/pl\/wp-json\/wp\/v2\/pages\/3361","targetHints":{"allow":["GET"]}}],"collection":[{"href":"https:\/\/dzp.uksw.edu.pl\/pl\/wp-json\/wp\/v2\/pages"}],"about":[{"href":"https:\/\/dzp.uksw.edu.pl\/pl\/wp-json\/wp\/v2\/types\/page"}],"author":[{"embeddable":true,"href":"https:\/\/dzp.uksw.edu.pl\/pl\/wp-json\/wp\/v2\/users\/7"}],"replies":[{"embeddable":true,"href":"https:\/\/dzp.uksw.edu.pl\/pl\/wp-json\/wp\/v2\/comments?post=3361"}],"version-history":[{"count":44,"href":"https:\/\/dzp.uksw.edu.pl\/pl\/wp-json\/wp\/v2\/pages\/3361\/revisions"}],"predecessor-version":[{"id":5232,"href":"https:\/\/dzp.uksw.edu.pl\/pl\/wp-json\/wp\/v2\/pages\/3361\/revisions\/5232"}],"wp:attachment":[{"href":"https:\/\/dzp.uksw.edu.pl\/pl\/wp-json\/wp\/v2\/media?parent=3361"}],"curies":[{"name":"wp","href":"https:\/\/api.w.org\/{rel}","templated":true}]}}